{"id":227,"date":"2024-07-13T13:17:17","date_gmt":"2024-07-13T05:17:17","guid":{"rendered":"http:\/\/siliconcarbideceramic.net\/?page_id=227"},"modified":"2024-07-13T19:52:47","modified_gmt":"2024-07-13T11:52:47","slug":"about","status":"publish","type":"page","link":"https:\/\/siliconcarbideceramic.net\/sl\/","title":{"rendered":"o"},"content":{"rendered":"<p><img loading=\"lazy\" decoding=\"async\" class=\"alignnone size-full wp-image-240\" src=\"http:\/\/siliconcarbideceramic.net\/wp-content\/uploads\/2024\/07\/silicon-carbide-ceramics.jpg\" alt=\"keramika iz silicijevega karbida\" width=\"800\" height=\"800\" srcset=\"https:\/\/siliconcarbideceramic.net\/wp-content\/uploads\/2024\/07\/silicon-carbide-ceramics.jpg 800w, https:\/\/siliconcarbideceramic.net\/wp-content\/uploads\/2024\/07\/silicon-carbide-ceramics-300x300.jpg 300w, https:\/\/siliconcarbideceramic.net\/wp-content\/uploads\/2024\/07\/silicon-carbide-ceramics-150x150.jpg 150w, https:\/\/siliconcarbideceramic.net\/wp-content\/uploads\/2024\/07\/silicon-carbide-ceramics-768x768.jpg 768w, https:\/\/siliconcarbideceramic.net\/wp-content\/uploads\/2024\/07\/silicon-carbide-ceramics-12x12.jpg 12w\" sizes=\"auto, (max-width: 800px) 100vw, 800px\" \/><\/p>\n<p><span id=\"input-sentence~0\">Hej, Na\u0161e podjetje, <strong>Elite Silicijev karbid Ceramics Technology Co., LTD<\/strong>, je namenjen ustvarjanju fantasti\u010dne keramike iz silicijevega karbida. Razvoj mo\u017enosti teh neverjetnih materialov nas zelo navdu\u0161uje.<\/span><\/p>\n<p><strong>Na\u0161 zna\u010daj<\/strong><\/p>\n<p>Smo \u017eivahna ekipa in\u017eenirjev, ljubiteljev keramike in strokovnjakov, ki resni\u010dno radi delajo.<span id=\"input-sentence~1\"> Specializirani smo za proizvodnjo vrhunskih kerami\u010dnih izdelkov iz silicijevega karbida, ki so z uporabo sodobnih tehnologij sposobni opraviti tudi najzahtevnej\u0161a dela.<\/span><\/p>\n<p><strong>Na\u0161e delo<\/strong><\/p>\n<p>V podjetju Elite oblikujemo razli\u010dne izdelke iz silicijevega karbida za vse vrste industrijske uporabe.<span id=\"input-sentence~2\"> Zahtevajte komponente za kompleksno elektroniko, te\u017eke stroje ali pogoje z visoko temperaturo. Poskrbimo za vas. Na\u0161a keramika je znana po odli\u010dni toplotni prevodnosti, robustnosti in odpornosti proti obrabi, kot so profesionalci.<\/span><\/p>\n<p><strong>Zakaj izbrati nas?<\/strong><\/p>\n<p>Inovatorji: Neprestano i\u0161\u010demo sve\u017ee pristope za izbolj\u0161anje na\u0161ega blaga in postopkov.<span id=\"input-sentence~3\"> \u017divimo za inovacije.<br \/>\nNa\u0161a prva skrb je zagotavljanje odli\u010dnega blaga. Vsak izdelek, ki ga ustvarimo, je podvr\u017een strogemu testiranju, da bi zagotovili, da izpolnjuje merila.<br \/>\nOsredoto\u010denost na stranke: Na\u0161a prva skrb so va\u0161e potrebe. V tesnem sodelovanju s strankami lahko ugotovimo njihove potrebe in zagotovimo re\u0161itve, ki presegajo zgolj zahteve.<\/span><\/p>\n<p><span id=\"input-sentence~4\"><\/span><strong><span id=\"input-sentence~4\">Na\u0161e stali\u0161\u010de<\/span><\/strong><\/p>\n<p>Vodilni ponudnik re\u0161itev sik keramike, znan po ustvarjalnosti, odli\u010dnosti in pristopu, usmerjenem k strankam.<\/p>\n<p><strong>Na\u0161 program<\/strong><\/p>\n<p>Na\u0161im strankam zagotavljamo visokozmogljivo sinhronizacijo, ki jim omogo\u010da uspeh na njihovem podro\u010dju dela.<\/p>\n<p><strong>Pi\u0161ite na<\/strong><\/p>\n<p>\u017delite dodatne informacije o na\u0161i ponudbi ali o tem, kako lahko podpremo va\u0161o prihajajo\u010do pomembno pobudo? Takoj stopite v stik z nami! Vedno smo na voljo za pogovor in preu\u010ditev na\u0161ih skupnih mo\u017enosti.<\/p>","protected":false},"excerpt":{"rendered":"<p>Hey, Our company, Elite Silicon Carbide Ceramics Technology Co., LTD, is dedicated to create fantastic silicon carbide ceramic. Advancing the [&hellip;]<\/p>\n","protected":false},"author":1,"featured_media":0,"parent":0,"menu_order":0,"comment_status":"closed","ping_status":"closed","template":"","meta":{"site-sidebar-layout":"default","site-content-layout":"","ast-site-content-layout":"default","site-content-style":"default","site-sidebar-style":"default","ast-global-header-display":"","ast-banner-title-visibility":"","ast-main-header-display":"","ast-hfb-above-header-display":"","ast-hfb-below-header-display":"","ast-hfb-mobile-header-display":"","site-post-title":"","ast-breadcrumbs-content":"","ast-featured-img":"","footer-sml-layout":"","theme-transparent-header-meta":"default","adv-header-id-meta":"","stick-header-meta":"","header-above-stick-meta":"","header-main-stick-meta":"","header-below-stick-meta":"","astra-migrate-meta-layouts":"set","ast-page-background-enabled":"default","ast-page-background-meta":{"desktop":{"background-color":"var(--ast-global-color-4)","background-image":"","background-repeat":"repeat","background-position":"center center","background-size":"auto","background-attachment":"scroll","background-type":"","background-media":"","overlay-type":"","overlay-color":"","overlay-gradient":""},"tablet":{"background-color":"","background-image":"","background-repeat":"repeat","background-position":"center center","background-size":"auto","background-attachment":"scroll","background-type":"","background-media":"","overlay-type":"","overlay-color":"","overlay-gradient":""},"mobile":{"background-color":"","background-image":"","background-repeat":"repeat","background-position":"center center","background-size":"auto","background-attachment":"scroll","background-type":"","background-media":"","overlay-type":"","overlay-color":"","overlay-gradient":""}},"ast-content-background-meta":{"desktop":{"background-color":"var(--ast-global-color-5)","background-image":"","background-repeat":"repeat","background-position":"center center","background-size":"auto","background-attachment":"scroll","background-type":"","background-media":"","overlay-type":"","overlay-color":"","overlay-gradient":""},"tablet":{"background-color":"var(--ast-global-color-5)","background-image":"","background-repeat":"repeat","background-position":"center center","background-size":"auto","background-attachment":"scroll","background-type":"","background-media":"","overlay-type":"","overlay-color":"","overlay-gradient":""},"mobile":{"background-color":"var(--ast-global-color-5)","background-image":"","background-repeat":"repeat","background-position":"center center","background-size":"auto","background-attachment":"scroll","background-type":"","background-media":"","overlay-type":"","overlay-color":"","overlay-gradient":""}},"footnotes":""},"class_list":["post-227","page","type-page","status-publish","hentry"],"aioseo_notices":[],"_links":{"self":[{"href":"https:\/\/siliconcarbideceramic.net\/sl\/wp-json\/wp\/v2\/pages\/227","targetHints":{"allow":["GET"]}}],"collection":[{"href":"https:\/\/siliconcarbideceramic.net\/sl\/wp-json\/wp\/v2\/pages"}],"about":[{"href":"https:\/\/siliconcarbideceramic.net\/sl\/wp-json\/wp\/v2\/types\/page"}],"author":[{"embeddable":true,"href":"https:\/\/siliconcarbideceramic.net\/sl\/wp-json\/wp\/v2\/users\/1"}],"replies":[{"embeddable":true,"href":"https:\/\/siliconcarbideceramic.net\/sl\/wp-json\/wp\/v2\/comments?post=227"}],"version-history":[{"count":10,"href":"https:\/\/siliconcarbideceramic.net\/sl\/wp-json\/wp\/v2\/pages\/227\/revisions"}],"predecessor-version":[{"id":232,"href":"https:\/\/siliconcarbideceramic.net\/sl\/wp-json\/wp\/v2\/pages\/227\/revisions\/232"}],"wp:attachment":[{"href":"https:\/\/siliconcarbideceramic.net\/sl\/wp-json\/wp\/v2\/media?parent=227"}],"curies":[{"name":"wp","href":"https:\/\/api.w.org\/{rel}","templated":true}]}}