{"id":227,"date":"2024-07-13T13:17:17","date_gmt":"2024-07-13T05:17:17","guid":{"rendered":"http:\/\/siliconcarbideceramic.net\/?page_id=227"},"modified":"2024-07-13T19:52:47","modified_gmt":"2024-07-13T11:52:47","slug":"about","status":"publish","type":"page","link":"https:\/\/siliconcarbideceramic.net\/sk\/","title":{"rendered":"o"},"content":{"rendered":"<p><img loading=\"lazy\" decoding=\"async\" class=\"alignnone size-full wp-image-240\" src=\"http:\/\/siliconcarbideceramic.net\/wp-content\/uploads\/2024\/07\/silicon-carbide-ceramics.jpg\" alt=\"keramika z karbidu krem\u00edka\" width=\"800\" height=\"800\" srcset=\"https:\/\/siliconcarbideceramic.net\/wp-content\/uploads\/2024\/07\/silicon-carbide-ceramics.jpg 800w, https:\/\/siliconcarbideceramic.net\/wp-content\/uploads\/2024\/07\/silicon-carbide-ceramics-300x300.jpg 300w, https:\/\/siliconcarbideceramic.net\/wp-content\/uploads\/2024\/07\/silicon-carbide-ceramics-150x150.jpg 150w, https:\/\/siliconcarbideceramic.net\/wp-content\/uploads\/2024\/07\/silicon-carbide-ceramics-768x768.jpg 768w, https:\/\/siliconcarbideceramic.net\/wp-content\/uploads\/2024\/07\/silicon-carbide-ceramics-12x12.jpg 12w\" sizes=\"auto, (max-width: 800px) 100vw, 800px\" \/><\/p>\n<p><span id=\"input-sentence~0\">Hej, Na\u0161a spolo\u010dnos\u0165, <strong>Elite Silicon Carbide Ceramics Technology Co., LTD<\/strong>, sa venuje vytv\u00e1raniu fantastickej keramiky z karbidu krem\u00edka. Pokrok v mo\u017enostiach t\u00fdchto neuverite\u013en\u00fdch materi\u00e1lov n\u00e1s ve\u013emi vzru\u0161uje.<\/span><\/p>\n<p><strong>N\u00e1\u0161 charakter<\/strong><\/p>\n<p>Sme \u017eiv\u00fd t\u00edm in\u017einierov, nad\u0161encov keramiky a profesion\u00e1lov, ktor\u00ed maj\u00fa svoju pr\u00e1cu naozaj radi.<span id=\"input-sentence~1\"> \u0160pecializujeme sa na v\u00fdrobu pr\u00e9miov\u00e9ho keramick\u00e9ho tovaru z karbidu krem\u00edka, ktor\u00fd je schopn\u00fd zvl\u00e1dnu\u0165 aj tie najn\u00e1ro\u010dnej\u0161ie \u00falohy pomocou modern\u00fdch technol\u00f3gi\u00ed.<\/span><\/p>\n<p><strong>Na\u0161a pr\u00e1ca<\/strong><\/p>\n<p>V spolo\u010dnosti Elite navrhujeme r\u00f4zne v\u00fdrobky z karbidu krem\u00edka pre v\u0161etky druhy priemyseln\u00fdch aplik\u00e1ci\u00ed.<span id=\"input-sentence~2\"> Vy\u017eaduj\u00fa sa komponenty pre zlo\u017eit\u00fa elektroniku, \u0165a\u017ekoton\u00e1\u017ene stroje alebo podmienky s vysokou teplotou. Postar\u00e1me sa o v\u00e1s. Na\u0161a keramika je zn\u00e1ma svojou skvelou tepelnou vodivos\u0165ou, robustnos\u0165ou a odolnos\u0165ou vo\u010di opotrebovaniu ako profesion\u00e1li.<\/span><\/p>\n<p><strong>Pre\u010do si vybra\u0165 pr\u00e1ve n\u00e1s?<\/strong><\/p>\n<p>Inov\u00e1tori: Neust\u00e1le h\u013ead\u00e1me nov\u00e9 pr\u00edstupy k zlep\u0161ovaniu n\u00e1\u0161ho tovaru a postupov.<span id=\"input-sentence~3\"> \u017dijeme z inov\u00e1ci\u00ed.<br \/>\nNa\u0161\u00edm prvorad\u00fdm z\u00e1ujmom je poskytova\u0165 vynikaj\u00faci tovar. Ka\u017ed\u00e1 polo\u017eka, ktor\u00fa vytvor\u00edme, prech\u00e1dza pr\u00edsnym testovan\u00edm, aby sme sa uistili, \u017ee sp\u013a\u0148a krit\u00e9ri\u00e1.<br \/>\nZameranie na z\u00e1kazn\u00edka: Na\u0161\u00edm prvorad\u00fdm z\u00e1ujmom s\u00fa va\u0161e potreby. V\u010faka \u00fazkej spolupr\u00e1ci s na\u0161imi klientmi dok\u00e1\u017eeme identifikova\u0165 ich potreby a poskytn\u00fa\u0165 rie\u0161enia, ktor\u00e9 prekon\u00e1vaj\u00fa oby\u010dajn\u00e9 po\u017eiadavky.<\/span><\/p>\n<p><span id=\"input-sentence~4\"><\/span><strong><span id=\"input-sentence~4\">N\u00e1\u0161 poh\u013ead<\/span><\/strong><\/p>\n<p>Popredn\u00fd dod\u00e1vate\u013e rie\u0161en\u00ed pre sikov\u00fa keramiku, zn\u00e1my svojou kreativitou, dokonalos\u0165ou a pr\u00edstupom k z\u00e1kazn\u00edkom.<\/p>\n<p><strong>N\u00e1\u0161 program<\/strong><\/p>\n<p>Poskytova\u0165 na\u0161im klientom vysoko v\u00fdkonn\u00fa sic, ktor\u00e1 im umo\u017en\u00ed dosiahnu\u0165 \u00faspech v ich pracovn\u00fdch oblastiach.<\/p>\n<p><strong>Kontakt<\/strong><\/p>\n<p>Chcete z\u00edska\u0165 \u010fal\u0161ie inform\u00e1cie o na\u0161ej ponuke alebo o tom, ako m\u00f4\u017eeme podpori\u0165 va\u0161u nadch\u00e1dzaj\u00facu v\u00fdznamn\u00fa iniciat\u00edvu? Bezodkladne sa s nami spojte! Sme v\u017edy k dispoz\u00edcii na rozhovor a presk\u00famanie na\u0161ich spolo\u010dn\u00fdch mo\u017enost\u00ed.<\/p>","protected":false},"excerpt":{"rendered":"<p>Hey, Our company, Elite Silicon Carbide Ceramics Technology Co., LTD, is dedicated to create fantastic silicon carbide ceramic. Advancing the [&hellip;]<\/p>\n","protected":false},"author":1,"featured_media":0,"parent":0,"menu_order":0,"comment_status":"closed","ping_status":"closed","template":"","meta":{"site-sidebar-layout":"default","site-content-layout":"","ast-site-content-layout":"default","site-content-style":"default","site-sidebar-style":"default","ast-global-header-display":"","ast-banner-title-visibility":"","ast-main-header-display":"","ast-hfb-above-header-display":"","ast-hfb-below-header-display":"","ast-hfb-mobile-header-display":"","site-post-title":"","ast-breadcrumbs-content":"","ast-featured-img":"","footer-sml-layout":"","theme-transparent-header-meta":"default","adv-header-id-meta":"","stick-header-meta":"","header-above-stick-meta":"","header-main-stick-meta":"","header-below-stick-meta":"","astra-migrate-meta-layouts":"set","ast-page-background-enabled":"default","ast-page-background-meta":{"desktop":{"background-color":"var(--ast-global-color-4)","background-image":"","background-repeat":"repeat","background-position":"center center","background-size":"auto","background-attachment":"scroll","background-type":"","background-media":"","overlay-type":"","overlay-color":"","overlay-gradient":""},"tablet":{"background-color":"","background-image":"","background-repeat":"repeat","background-position":"center center","background-size":"auto","background-attachment":"scroll","background-type":"","background-media":"","overlay-type":"","overlay-color":"","overlay-gradient":""},"mobile":{"background-color":"","background-image":"","background-repeat":"repeat","background-position":"center center","background-size":"auto","background-attachment":"scroll","background-type":"","background-media":"","overlay-type":"","overlay-color":"","overlay-gradient":""}},"ast-content-background-meta":{"desktop":{"background-color":"var(--ast-global-color-5)","background-image":"","background-repeat":"repeat","background-position":"center center","background-size":"auto","background-attachment":"scroll","background-type":"","background-media":"","overlay-type":"","overlay-color":"","overlay-gradient":""},"tablet":{"background-color":"var(--ast-global-color-5)","background-image":"","background-repeat":"repeat","background-position":"center center","background-size":"auto","background-attachment":"scroll","background-type":"","background-media":"","overlay-type":"","overlay-color":"","overlay-gradient":""},"mobile":{"background-color":"var(--ast-global-color-5)","background-image":"","background-repeat":"repeat","background-position":"center center","background-size":"auto","background-attachment":"scroll","background-type":"","background-media":"","overlay-type":"","overlay-color":"","overlay-gradient":""}},"footnotes":""},"class_list":["post-227","page","type-page","status-publish","hentry"],"aioseo_notices":[],"_links":{"self":[{"href":"https:\/\/siliconcarbideceramic.net\/sk\/wp-json\/wp\/v2\/pages\/227","targetHints":{"allow":["GET"]}}],"collection":[{"href":"https:\/\/siliconcarbideceramic.net\/sk\/wp-json\/wp\/v2\/pages"}],"about":[{"href":"https:\/\/siliconcarbideceramic.net\/sk\/wp-json\/wp\/v2\/types\/page"}],"author":[{"embeddable":true,"href":"https:\/\/siliconcarbideceramic.net\/sk\/wp-json\/wp\/v2\/users\/1"}],"replies":[{"embeddable":true,"href":"https:\/\/siliconcarbideceramic.net\/sk\/wp-json\/wp\/v2\/comments?post=227"}],"version-history":[{"count":10,"href":"https:\/\/siliconcarbideceramic.net\/sk\/wp-json\/wp\/v2\/pages\/227\/revisions"}],"predecessor-version":[{"id":232,"href":"https:\/\/siliconcarbideceramic.net\/sk\/wp-json\/wp\/v2\/pages\/227\/revisions\/232"}],"wp:attachment":[{"href":"https:\/\/siliconcarbideceramic.net\/sk\/wp-json\/wp\/v2\/media?parent=227"}],"curies":[{"name":"wp","href":"https:\/\/api.w.org\/{rel}","templated":true}]}}