{"id":227,"date":"2024-07-13T13:17:17","date_gmt":"2024-07-13T05:17:17","guid":{"rendered":"http:\/\/siliconcarbideceramic.net\/?page_id=227"},"modified":"2024-07-13T19:52:47","modified_gmt":"2024-07-13T11:52:47","slug":"about","status":"publish","type":"page","link":"https:\/\/siliconcarbideceramic.net\/pt_br\/","title":{"rendered":"sobre"},"content":{"rendered":"<p><img loading=\"lazy\" decoding=\"async\" class=\"alignnone size-full wp-image-240\" src=\"http:\/\/siliconcarbideceramic.net\/wp-content\/uploads\/2024\/07\/silicon-carbide-ceramics.jpg\" alt=\"cer\u00e2mica de carbeto de sil\u00edcio\" width=\"800\" height=\"800\" srcset=\"https:\/\/siliconcarbideceramic.net\/wp-content\/uploads\/2024\/07\/silicon-carbide-ceramics.jpg 800w, https:\/\/siliconcarbideceramic.net\/wp-content\/uploads\/2024\/07\/silicon-carbide-ceramics-300x300.jpg 300w, https:\/\/siliconcarbideceramic.net\/wp-content\/uploads\/2024\/07\/silicon-carbide-ceramics-150x150.jpg 150w, https:\/\/siliconcarbideceramic.net\/wp-content\/uploads\/2024\/07\/silicon-carbide-ceramics-768x768.jpg 768w, https:\/\/siliconcarbideceramic.net\/wp-content\/uploads\/2024\/07\/silicon-carbide-ceramics-12x12.jpg 12w\" sizes=\"auto, (max-width: 800px) 100vw, 800px\" \/><\/p>\n<p><span id=\"input-sentence~0\">Ol\u00e1, nossa empresa, <strong>Elite Silicon Carbide Ceramics Technology Co., LTD<\/strong>A empresa, que tem como objetivo criar fant\u00e1sticas cer\u00e2micas de carbeto de sil\u00edcio, \u00e9 dedicada \u00e0 cria\u00e7\u00e3o de materiais cer\u00e2micos de carbeto de sil\u00edcio. O avan\u00e7o das possibilidades desses materiais incr\u00edveis nos entusiasma muito.<\/span><\/p>\n<p><strong>Nosso car\u00e1ter<\/strong><\/p>\n<p>Somos uma equipe animada de engenheiros, aficionados por cer\u00e2mica e profissionais que realmente gostam do que fazem.<span id=\"input-sentence~1\"> Somos especializados na produ\u00e7\u00e3o de produtos cer\u00e2micos de carbeto de sil\u00edcio premium, capazes de lidar at\u00e9 mesmo com os trabalhos mais dif\u00edceis por meio do uso de tecnologias modernas.<\/span><\/p>\n<p><strong>Nosso trabalho<\/strong><\/p>\n<p>Na Elite, projetamos uma variedade de produtos de carbeto de sil\u00edcio para todo tipo de aplica\u00e7\u00e3o industrial.<span id=\"input-sentence~2\"> Necessite de componentes para eletr\u00f4nicos complexos, m\u00e1quinas pesadas ou condi\u00e7\u00f5es de alto calor. N\u00f3s cuidamos de voc\u00ea. Nossas cer\u00e2micas s\u00e3o conhecidas por sua excelente condutividade t\u00e9rmica, robustez e resist\u00eancia ao desgaste, como os profissionais.<\/span><\/p>\n<p><strong>Por que nos escolher?<\/strong><\/p>\n<p>Inovadores: Amantes de ideias Buscamos constantemente novas abordagens para aprimorar nossos produtos e procedimentos.<span id=\"input-sentence~3\"> Nossa vida \u00e9 a inova\u00e7\u00e3o.<br \/>\nNossa primeira preocupa\u00e7\u00e3o \u00e9 fornecer produtos excelentes. Todos os itens que criamos passam por testes rigorosos para garantir que atendam aos crit\u00e9rios.<br \/>\nCentrado no cliente: Nossa primeira preocupa\u00e7\u00e3o s\u00e3o suas necessidades. Trabalhando em estreita colabora\u00e7\u00e3o com nossos clientes, podemos identificar suas necessidades e oferecer solu\u00e7\u00f5es que superem as exig\u00eancias.<\/span><\/p>\n<p><span id=\"input-sentence~4\"><\/span><strong><span id=\"input-sentence~4\">Nosso ponto de vista<\/span><\/strong><\/p>\n<p>Fornecedor l\u00edder de solu\u00e7\u00f5es de cer\u00e2mica sic, conhecido por sua criatividade, excel\u00eancia e abordagem que prioriza o cliente.<\/p>\n<p><strong>Nossa agenda<\/strong><\/p>\n<p>Fornecer aos nossos clientes sic de alto desempenho, possibilitando seu sucesso em seus campos de trabalho.<\/p>\n<p><strong>Contato<\/strong><\/p>\n<p>Gostaria de obter mais informa\u00e7\u00f5es sobre nossas ofertas ou como podemos apoiar sua pr\u00f3xima grande iniciativa? Entre em contato sem demora! Estamos sempre dispon\u00edveis para conversar e investigar nossas possibilidades conjuntas.<\/p>","protected":false},"excerpt":{"rendered":"<p>Hey, Our company, Elite Silicon Carbide Ceramics Technology Co., LTD, is dedicated to create fantastic silicon carbide ceramic. Advancing the [&hellip;]<\/p>\n","protected":false},"author":1,"featured_media":0,"parent":0,"menu_order":0,"comment_status":"closed","ping_status":"closed","template":"","meta":{"site-sidebar-layout":"default","site-content-layout":"","ast-site-content-layout":"default","site-content-style":"default","site-sidebar-style":"default","ast-global-header-display":"","ast-banner-title-visibility":"","ast-main-header-display":"","ast-hfb-above-header-display":"","ast-hfb-below-header-display":"","ast-hfb-mobile-header-display":"","site-post-title":"","ast-breadcrumbs-content":"","ast-featured-img":"","footer-sml-layout":"","theme-transparent-header-meta":"default","adv-header-id-meta":"","stick-header-meta":"","header-above-stick-meta":"","header-main-stick-meta":"","header-below-stick-meta":"","astra-migrate-meta-layouts":"set","ast-page-background-enabled":"default","ast-page-background-meta":{"desktop":{"background-color":"var(--ast-global-color-4)","background-image":"","background-repeat":"repeat","background-position":"center center","background-size":"auto","background-attachment":"scroll","background-type":"","background-media":"","overlay-type":"","overlay-color":"","overlay-gradient":""},"tablet":{"background-color":"","background-image":"","background-repeat":"repeat","background-position":"center center","background-size":"auto","background-attachment":"scroll","background-type":"","background-media":"","overlay-type":"","overlay-color":"","overlay-gradient":""},"mobile":{"background-color":"","background-image":"","background-repeat":"repeat","background-position":"center center","background-size":"auto","background-attachment":"scroll","background-type":"","background-media":"","overlay-type":"","overlay-color":"","overlay-gradient":""}},"ast-content-background-meta":{"desktop":{"background-color":"var(--ast-global-color-5)","background-image":"","background-repeat":"repeat","background-position":"center center","background-size":"auto","background-attachment":"scroll","background-type":"","background-media":"","overlay-type":"","overlay-color":"","overlay-gradient":""},"tablet":{"background-color":"var(--ast-global-color-5)","background-image":"","background-repeat":"repeat","background-position":"center center","background-size":"auto","background-attachment":"scroll","background-type":"","background-media":"","overlay-type":"","overlay-color":"","overlay-gradient":""},"mobile":{"background-color":"var(--ast-global-color-5)","background-image":"","background-repeat":"repeat","background-position":"center center","background-size":"auto","background-attachment":"scroll","background-type":"","background-media":"","overlay-type":"","overlay-color":"","overlay-gradient":""}},"footnotes":""},"class_list":["post-227","page","type-page","status-publish","hentry"],"aioseo_notices":[],"_links":{"self":[{"href":"https:\/\/siliconcarbideceramic.net\/pt_br\/wp-json\/wp\/v2\/pages\/227","targetHints":{"allow":["GET"]}}],"collection":[{"href":"https:\/\/siliconcarbideceramic.net\/pt_br\/wp-json\/wp\/v2\/pages"}],"about":[{"href":"https:\/\/siliconcarbideceramic.net\/pt_br\/wp-json\/wp\/v2\/types\/page"}],"author":[{"embeddable":true,"href":"https:\/\/siliconcarbideceramic.net\/pt_br\/wp-json\/wp\/v2\/users\/1"}],"replies":[{"embeddable":true,"href":"https:\/\/siliconcarbideceramic.net\/pt_br\/wp-json\/wp\/v2\/comments?post=227"}],"version-history":[{"count":10,"href":"https:\/\/siliconcarbideceramic.net\/pt_br\/wp-json\/wp\/v2\/pages\/227\/revisions"}],"predecessor-version":[{"id":232,"href":"https:\/\/siliconcarbideceramic.net\/pt_br\/wp-json\/wp\/v2\/pages\/227\/revisions\/232"}],"wp:attachment":[{"href":"https:\/\/siliconcarbideceramic.net\/pt_br\/wp-json\/wp\/v2\/media?parent=227"}],"curies":[{"name":"wp","href":"https:\/\/api.w.org\/{rel}","templated":true}]}}