{"id":227,"date":"2024-07-13T13:17:17","date_gmt":"2024-07-13T05:17:17","guid":{"rendered":"http:\/\/siliconcarbideceramic.net\/?page_id=227"},"modified":"2024-07-13T19:52:47","modified_gmt":"2024-07-13T11:52:47","slug":"about","status":"publish","type":"page","link":"https:\/\/siliconcarbideceramic.net\/nb\/","title":{"rendered":"om"},"content":{"rendered":"<p><img loading=\"lazy\" decoding=\"async\" class=\"alignnone size-full wp-image-240\" src=\"http:\/\/siliconcarbideceramic.net\/wp-content\/uploads\/2024\/07\/silicon-carbide-ceramics.jpg\" alt=\"silisiumkarbidkeramikk\" width=\"800\" height=\"800\" srcset=\"https:\/\/siliconcarbideceramic.net\/wp-content\/uploads\/2024\/07\/silicon-carbide-ceramics.jpg 800w, https:\/\/siliconcarbideceramic.net\/wp-content\/uploads\/2024\/07\/silicon-carbide-ceramics-300x300.jpg 300w, https:\/\/siliconcarbideceramic.net\/wp-content\/uploads\/2024\/07\/silicon-carbide-ceramics-150x150.jpg 150w, https:\/\/siliconcarbideceramic.net\/wp-content\/uploads\/2024\/07\/silicon-carbide-ceramics-768x768.jpg 768w, https:\/\/siliconcarbideceramic.net\/wp-content\/uploads\/2024\/07\/silicon-carbide-ceramics-12x12.jpg 12w\" sizes=\"auto, (max-width: 800px) 100vw, 800px\" \/><\/p>\n<p><span id=\"input-sentence~0\">Hei, selskapet v\u00e5rt, <strong>Elite Silicon Carbide Ceramics Technology Co, LTD<\/strong>er dedikert til \u00e5 skape fantastisk silisiumkarbidkeramikk. Vi er sv\u00e6rt opptatt av \u00e5 videreutvikle mulighetene som ligger i disse utrolige materialene.<\/span><\/p>\n<p><strong>V\u00e5r karakter<\/strong><\/p>\n<p>Vi er et livlig team av ingeni\u00f8rer, keramikkentusiaster og fagfolk som virkelig liker det vi driver med.<span id=\"input-sentence~1\"> Vi har spesialisert oss p\u00e5 \u00e5 produsere f\u00f8rsteklasses keramiske varer av silisiumkarbid som kan h\u00e5ndtere selv de t\u00f8ffeste oppgavene ved hjelp av moderne teknologi.<\/span><\/p>\n<p><strong>V\u00e5rt arbeid<\/strong><\/p>\n<p>Hos Elite designer vi en rekke silisiumkarbidprodukter for alle typer industrielle bruksomr\u00e5der.<span id=\"input-sentence~2\"> Trenger du komponenter til kompleks elektronikk, tunge maskiner eller forhold med h\u00f8y varme. Vi tar h\u00e5nd om deg. Keramikken v\u00e5r er velkjent for sin gode varmeledningsevne, robusthet og slitestyrke - som proffer.<\/span><\/p>\n<p><strong>Hvorfor velge oss?<\/strong><\/p>\n<p>Innovat\u00f8rer: Vi elsker ideer Vi s\u00f8ker hele tiden nye metoder for \u00e5 forbedre varene og prosedyrene v\u00e5re.<span id=\"input-sentence~3\"> Vi lever for innovasjon.<br \/>\nV\u00e5rt f\u00f8rste m\u00e5l er \u00e5 levere fremragende varer. Hver eneste vare vi lager, gjennomg\u00e5r strenge tester for \u00e5 sikre at den oppfyller kriteriene.<br \/>\nKunden i sentrum: Vi er f\u00f8rst og fremst opptatt av dine behov. I tett samarbeid med kundene v\u00e5re kan vi identifisere behovene deres og tilby l\u00f8sninger som overg\u00e5r kravene.<\/span><\/p>\n<p><span id=\"input-sentence~4\"><\/span><strong><span id=\"input-sentence~4\">V\u00e5rt synspunkt<\/span><\/strong><\/p>\n<p>Ledende leverand\u00f8r av keramiske l\u00f8sninger, kjent for kreativitet, kvalitet og kundeorientering.<\/p>\n<p><strong>V\u00e5r agenda<\/strong><\/p>\n<p>\u00c5 gi kundene v\u00e5re h\u00f8ytytende sic som gj\u00f8r det mulig for dem \u00e5 lykkes i sine arbeidsoppgaver.<\/p>\n<p><strong>Kontakt<\/strong><\/p>\n<p>\u00d8nsker du mer informasjon om v\u00e5re tilbud eller hvordan vi kan st\u00f8tte ditt kommende store initiativ? Ta kontakt med oss s\u00e5 snart som mulig! Vi er alltid tilgjengelige for \u00e5 snakke sammen og unders\u00f8ke v\u00e5re felles muligheter.<\/p>","protected":false},"excerpt":{"rendered":"<p>Hey, Our company, Elite Silicon Carbide Ceramics Technology Co., LTD, is dedicated to create fantastic silicon carbide ceramic. Advancing the [&hellip;]<\/p>\n","protected":false},"author":1,"featured_media":0,"parent":0,"menu_order":0,"comment_status":"closed","ping_status":"closed","template":"","meta":{"site-sidebar-layout":"default","site-content-layout":"","ast-site-content-layout":"default","site-content-style":"default","site-sidebar-style":"default","ast-global-header-display":"","ast-banner-title-visibility":"","ast-main-header-display":"","ast-hfb-above-header-display":"","ast-hfb-below-header-display":"","ast-hfb-mobile-header-display":"","site-post-title":"","ast-breadcrumbs-content":"","ast-featured-img":"","footer-sml-layout":"","theme-transparent-header-meta":"default","adv-header-id-meta":"","stick-header-meta":"","header-above-stick-meta":"","header-main-stick-meta":"","header-below-stick-meta":"","astra-migrate-meta-layouts":"set","ast-page-background-enabled":"default","ast-page-background-meta":{"desktop":{"background-color":"var(--ast-global-color-4)","background-image":"","background-repeat":"repeat","background-position":"center center","background-size":"auto","background-attachment":"scroll","background-type":"","background-media":"","overlay-type":"","overlay-color":"","overlay-gradient":""},"tablet":{"background-color":"","background-image":"","background-repeat":"repeat","background-position":"center center","background-size":"auto","background-attachment":"scroll","background-type":"","background-media":"","overlay-type":"","overlay-color":"","overlay-gradient":""},"mobile":{"background-color":"","background-image":"","background-repeat":"repeat","background-position":"center center","background-size":"auto","background-attachment":"scroll","background-type":"","background-media":"","overlay-type":"","overlay-color":"","overlay-gradient":""}},"ast-content-background-meta":{"desktop":{"background-color":"var(--ast-global-color-5)","background-image":"","background-repeat":"repeat","background-position":"center center","background-size":"auto","background-attachment":"scroll","background-type":"","background-media":"","overlay-type":"","overlay-color":"","overlay-gradient":""},"tablet":{"background-color":"var(--ast-global-color-5)","background-image":"","background-repeat":"repeat","background-position":"center center","background-size":"auto","background-attachment":"scroll","background-type":"","background-media":"","overlay-type":"","overlay-color":"","overlay-gradient":""},"mobile":{"background-color":"var(--ast-global-color-5)","background-image":"","background-repeat":"repeat","background-position":"center center","background-size":"auto","background-attachment":"scroll","background-type":"","background-media":"","overlay-type":"","overlay-color":"","overlay-gradient":""}},"footnotes":""},"class_list":["post-227","page","type-page","status-publish","hentry"],"aioseo_notices":[],"_links":{"self":[{"href":"https:\/\/siliconcarbideceramic.net\/nb\/wp-json\/wp\/v2\/pages\/227","targetHints":{"allow":["GET"]}}],"collection":[{"href":"https:\/\/siliconcarbideceramic.net\/nb\/wp-json\/wp\/v2\/pages"}],"about":[{"href":"https:\/\/siliconcarbideceramic.net\/nb\/wp-json\/wp\/v2\/types\/page"}],"author":[{"embeddable":true,"href":"https:\/\/siliconcarbideceramic.net\/nb\/wp-json\/wp\/v2\/users\/1"}],"replies":[{"embeddable":true,"href":"https:\/\/siliconcarbideceramic.net\/nb\/wp-json\/wp\/v2\/comments?post=227"}],"version-history":[{"count":10,"href":"https:\/\/siliconcarbideceramic.net\/nb\/wp-json\/wp\/v2\/pages\/227\/revisions"}],"predecessor-version":[{"id":232,"href":"https:\/\/siliconcarbideceramic.net\/nb\/wp-json\/wp\/v2\/pages\/227\/revisions\/232"}],"wp:attachment":[{"href":"https:\/\/siliconcarbideceramic.net\/nb\/wp-json\/wp\/v2\/media?parent=227"}],"curies":[{"name":"wp","href":"https:\/\/api.w.org\/{rel}","templated":true}]}}