{"id":227,"date":"2024-07-13T13:17:17","date_gmt":"2024-07-13T05:17:17","guid":{"rendered":"http:\/\/siliconcarbideceramic.net\/?page_id=227"},"modified":"2024-07-13T19:52:47","modified_gmt":"2024-07-13T11:52:47","slug":"about","status":"publish","type":"page","link":"https:\/\/siliconcarbideceramic.net\/lv\/","title":{"rendered":"par"},"content":{"rendered":"<p><img loading=\"lazy\" decoding=\"async\" class=\"alignnone size-full wp-image-240\" src=\"http:\/\/siliconcarbideceramic.net\/wp-content\/uploads\/2024\/07\/silicon-carbide-ceramics.jpg\" alt=\"sil\u012bcija karb\u012bda keramika\" width=\"800\" height=\"800\" srcset=\"https:\/\/siliconcarbideceramic.net\/wp-content\/uploads\/2024\/07\/silicon-carbide-ceramics.jpg 800w, https:\/\/siliconcarbideceramic.net\/wp-content\/uploads\/2024\/07\/silicon-carbide-ceramics-300x300.jpg 300w, https:\/\/siliconcarbideceramic.net\/wp-content\/uploads\/2024\/07\/silicon-carbide-ceramics-150x150.jpg 150w, https:\/\/siliconcarbideceramic.net\/wp-content\/uploads\/2024\/07\/silicon-carbide-ceramics-768x768.jpg 768w, https:\/\/siliconcarbideceramic.net\/wp-content\/uploads\/2024\/07\/silicon-carbide-ceramics-12x12.jpg 12w\" sizes=\"auto, (max-width: 800px) 100vw, 800px\" \/><\/p>\n<p><span id=\"input-sentence~0\">Hei, M\u016bsu uz\u0146\u0113mums, <strong>Elite Silicija karb\u012bda keramikas tehnolo\u0123ijas Co., LTD<\/strong>, ir velt\u012bta fantastiskas sil\u012bcija karb\u012bda keramikas rad\u012b\u0161anai. \u0160o neticamo materi\u0101lu iesp\u0113ju att\u012bst\u012b\u0161ana m\u016bs \u013coti aizrauj.<\/span><\/p>\n<p><strong>M\u016bsu raksturs<\/strong><\/p>\n<p>M\u0113s esam ener\u0123iska in\u017eenieru, keramikas entuziastu un profesion\u0101\u013cu komanda, kam patiesi pat\u012bk tas, ko m\u0113s dar\u0101m.<span id=\"input-sentence~1\"> M\u0113s specializ\u0113jamies augst\u0101k\u0101s kvalit\u0101tes sil\u012bcija karb\u012bda keramikas izstr\u0101d\u0101jumu ra\u017eo\u0161an\u0101, kas, izmantojot modern\u0101s tehnolo\u0123ijas, sp\u0113j veikt pat vissare\u017e\u0123\u012bt\u0101kos darbus.<\/span><\/p>\n<p><strong>M\u016bsu darbs<\/strong><\/p>\n<p>Uz\u0146\u0113mum\u0101 Elite m\u0113s izstr\u0101d\u0101jam da\u017e\u0101dus sil\u012bcija karb\u012bda izstr\u0101d\u0101jumus visda\u017e\u0101d\u0101kajiem r\u016bpnieciskiem pielietojumiem.<span id=\"input-sentence~2\"> Nepiecie\u0161ami komponenti sare\u017e\u0123\u012btai elektronikai, lielas noslodzes iek\u0101rt\u0101m vai augstas temperat\u016bras apst\u0101k\u013cos. M\u0113s par\u016bp\u0113simies par jums. M\u016bsu keramika ir labi paz\u012bstama ar savu lielo siltumvad\u012btsp\u0113ju, iztur\u012bbu un nodilumiztur\u012bbu, kas l\u012bdzin\u0101s profesion\u0101\u013cu \u012bpa\u0161\u012bb\u0101m.<\/span><\/p>\n<p><strong>K\u0101p\u0113c izv\u0113l\u0113ties m\u016bs?<\/strong><\/p>\n<p>Inovatori: M\u0113s past\u0101v\u012bgi mekl\u0113jam jaunas pieejas, lai uzlabotu m\u016bsu preces un proced\u016bras.<span id=\"input-sentence~3\"> M\u016bsu dz\u012bves m\u0113r\u0137is ir inov\u0101cijas.<br \/>\nM\u016bsu galven\u0101 r\u016bpe ir nodro\u0161in\u0101t izcilas preces. Katrs m\u016bsu izstr\u0101d\u0101jums tiek r\u016bp\u012bgi test\u0113ts, lai nodro\u0161in\u0101tu, ka tas atbilst krit\u0113rijiem.<br \/>\nUz klientu orient\u0113ta: M\u016bsu pirm\u0101 priorit\u0101te ir j\u016bsu vajadz\u012bbas. Cie\u0161i sadarbojoties ar klientiem, m\u0113s varam noteikt vi\u0146u vajadz\u012bbas un pied\u0101v\u0101t risin\u0101jumus, kas p\u0101rsniedz vienk\u0101r\u0161as pras\u012bbas.<\/span><\/p>\n<p><span id=\"input-sentence~4\"><\/span><strong><span id=\"input-sentence~4\">M\u016bsu viedoklis<\/span><\/strong><\/p>\n<p>Vado\u0161ais sik keramikas risin\u0101jumu pieg\u0101d\u0101t\u0101js, labi paz\u012bstams ar rado\u0161umu, izcil\u012bbu un pieeju, kas v\u0113rsta uz klientu.<\/p>\n<p><strong>M\u016bsu darba k\u0101rt\u012bba<\/strong><\/p>\n<p>Nodro\u0161in\u0101t m\u016bsu klientiem augstas veiktsp\u0113jas sic, kas \u013cautu vi\u0146iem g\u016bt pan\u0101kumus vi\u0146u darba jom\u0101.<\/p>\n<p><strong>Sazinieties ar<\/strong><\/p>\n<p>Vai v\u0113laties sa\u0146emt papildu inform\u0101ciju par m\u016bsu pied\u0101v\u0101jumu vai par to, k\u0101 m\u0113s varam atbalst\u012bt j\u016bsu gaid\u0101mo lielo iniciat\u012bvu? Sazinieties ar mums nekav\u0113joties! M\u0113s vienm\u0113r esam gatavi run\u0101t un izp\u0113t\u012bt m\u016bsu kop\u012bg\u0101s iesp\u0113jas.<\/p>","protected":false},"excerpt":{"rendered":"<p>Hey, Our company, Elite Silicon Carbide Ceramics Technology Co., LTD, is dedicated to create fantastic silicon carbide ceramic. Advancing the [&hellip;]<\/p>\n","protected":false},"author":1,"featured_media":0,"parent":0,"menu_order":0,"comment_status":"closed","ping_status":"closed","template":"","meta":{"site-sidebar-layout":"default","site-content-layout":"","ast-site-content-layout":"default","site-content-style":"default","site-sidebar-style":"default","ast-global-header-display":"","ast-banner-title-visibility":"","ast-main-header-display":"","ast-hfb-above-header-display":"","ast-hfb-below-header-display":"","ast-hfb-mobile-header-display":"","site-post-title":"","ast-breadcrumbs-content":"","ast-featured-img":"","footer-sml-layout":"","theme-transparent-header-meta":"default","adv-header-id-meta":"","stick-header-meta":"","header-above-stick-meta":"","header-main-stick-meta":"","header-below-stick-meta":"","astra-migrate-meta-layouts":"set","ast-page-background-enabled":"default","ast-page-background-meta":{"desktop":{"background-color":"var(--ast-global-color-4)","background-image":"","background-repeat":"repeat","background-position":"center center","background-size":"auto","background-attachment":"scroll","background-type":"","background-media":"","overlay-type":"","overlay-color":"","overlay-gradient":""},"tablet":{"background-color":"","background-image":"","background-repeat":"repeat","background-position":"center center","background-size":"auto","background-attachment":"scroll","background-type":"","background-media":"","overlay-type":"","overlay-color":"","overlay-gradient":""},"mobile":{"background-color":"","background-image":"","background-repeat":"repeat","background-position":"center center","background-size":"auto","background-attachment":"scroll","background-type":"","background-media":"","overlay-type":"","overlay-color":"","overlay-gradient":""}},"ast-content-background-meta":{"desktop":{"background-color":"var(--ast-global-color-5)","background-image":"","background-repeat":"repeat","background-position":"center center","background-size":"auto","background-attachment":"scroll","background-type":"","background-media":"","overlay-type":"","overlay-color":"","overlay-gradient":""},"tablet":{"background-color":"var(--ast-global-color-5)","background-image":"","background-repeat":"repeat","background-position":"center center","background-size":"auto","background-attachment":"scroll","background-type":"","background-media":"","overlay-type":"","overlay-color":"","overlay-gradient":""},"mobile":{"background-color":"var(--ast-global-color-5)","background-image":"","background-repeat":"repeat","background-position":"center center","background-size":"auto","background-attachment":"scroll","background-type":"","background-media":"","overlay-type":"","overlay-color":"","overlay-gradient":""}},"footnotes":""},"class_list":["post-227","page","type-page","status-publish","hentry"],"aioseo_notices":[],"_links":{"self":[{"href":"https:\/\/siliconcarbideceramic.net\/lv\/wp-json\/wp\/v2\/pages\/227","targetHints":{"allow":["GET"]}}],"collection":[{"href":"https:\/\/siliconcarbideceramic.net\/lv\/wp-json\/wp\/v2\/pages"}],"about":[{"href":"https:\/\/siliconcarbideceramic.net\/lv\/wp-json\/wp\/v2\/types\/page"}],"author":[{"embeddable":true,"href":"https:\/\/siliconcarbideceramic.net\/lv\/wp-json\/wp\/v2\/users\/1"}],"replies":[{"embeddable":true,"href":"https:\/\/siliconcarbideceramic.net\/lv\/wp-json\/wp\/v2\/comments?post=227"}],"version-history":[{"count":10,"href":"https:\/\/siliconcarbideceramic.net\/lv\/wp-json\/wp\/v2\/pages\/227\/revisions"}],"predecessor-version":[{"id":232,"href":"https:\/\/siliconcarbideceramic.net\/lv\/wp-json\/wp\/v2\/pages\/227\/revisions\/232"}],"wp:attachment":[{"href":"https:\/\/siliconcarbideceramic.net\/lv\/wp-json\/wp\/v2\/media?parent=227"}],"curies":[{"name":"wp","href":"https:\/\/api.w.org\/{rel}","templated":true}]}}