{"id":227,"date":"2024-07-13T13:17:17","date_gmt":"2024-07-13T05:17:17","guid":{"rendered":"http:\/\/siliconcarbideceramic.net\/?page_id=227"},"modified":"2024-07-13T19:52:47","modified_gmt":"2024-07-13T11:52:47","slug":"about","status":"publish","type":"page","link":"https:\/\/siliconcarbideceramic.net\/hu\/","title":{"rendered":"a  honlapr\u00f3l"},"content":{"rendered":"<p><img loading=\"lazy\" decoding=\"async\" class=\"alignnone size-full wp-image-240\" src=\"http:\/\/siliconcarbideceramic.net\/wp-content\/uploads\/2024\/07\/silicon-carbide-ceramics.jpg\" alt=\"szil\u00edcium-karbid ker\u00e1mia\" width=\"800\" height=\"800\" srcset=\"https:\/\/siliconcarbideceramic.net\/wp-content\/uploads\/2024\/07\/silicon-carbide-ceramics.jpg 800w, https:\/\/siliconcarbideceramic.net\/wp-content\/uploads\/2024\/07\/silicon-carbide-ceramics-300x300.jpg 300w, https:\/\/siliconcarbideceramic.net\/wp-content\/uploads\/2024\/07\/silicon-carbide-ceramics-150x150.jpg 150w, https:\/\/siliconcarbideceramic.net\/wp-content\/uploads\/2024\/07\/silicon-carbide-ceramics-768x768.jpg 768w, https:\/\/siliconcarbideceramic.net\/wp-content\/uploads\/2024\/07\/silicon-carbide-ceramics-12x12.jpg 12w\" sizes=\"auto, (max-width: 800px) 100vw, 800px\" \/><\/p>\n<p><span id=\"input-sentence~0\">H\u00e9, a c\u00e9g\u00fcnk, <strong>Elite szil\u00edcium-karbid ker\u00e1mia technol\u00f3gia Co., LTD.<\/strong>fantasztikus szil\u00edcium-karbid ker\u00e1mia l\u00e9trehoz\u00e1s\u00e1ra t\u00f6rekszik. Ezekben a hihetetlen anyagokban rejl\u0151 lehet\u0151s\u00e9gek tov\u00e1bbfejleszt\u00e9se nagyon izgat benn\u00fcnket.<\/span><\/p>\n<p><strong>Karakter\u00fcnk<\/strong><\/p>\n<p>M\u00e9rn\u00f6k\u00f6k, ker\u00e1miarajong\u00f3k \u00e9s szakemberek \u00e9l\u00e9nk csapata vagyunk, akik igaz\u00e1n szeretik, amit csin\u00e1lnak.<span id=\"input-sentence~1\"> A pr\u00e9mium min\u0151s\u00e9g\u0171 szil\u00edcium-karbid ker\u00e1mia\u00e1ruk gy\u00e1rt\u00e1s\u00e1ra szakosodtunk, amelyek a legnehezebb feladatok elv\u00e9gz\u00e9s\u00e9re is k\u00e9pesek a modern technol\u00f3gi\u00e1k alkalmaz\u00e1s\u00e1val.<\/span><\/p>\n<p><strong>Munk\u00e1nk<\/strong><\/p>\n<p>Az Elite-n\u00e9l k\u00fcl\u00f6nf\u00e9le szil\u00edciumkarbid term\u00e9keket tervez\u00fcnk mindenf\u00e9le ipari alkalmaz\u00e1shoz.<span id=\"input-sentence~2\"> \u00d6sszetett elektronik\u00e1hoz, nagy ig\u00e9nybev\u00e9tel\u0171 g\u00e9pekhez vagy nagy h\u0151terhel\u00e9s\u0171 k\u00f6r\u00fclm\u00e9nyekhez sz\u00fcks\u00e9ges alkatr\u00e9szek. Mi gondoskodunk \u00d6nr\u0151l. Ker\u00e1mi\u00e1ink j\u00f3l ismertek nagyszer\u0171 h\u0151vezet\u0151 k\u00e9pess\u00e9g\u00fckr\u0151l, robusztuss\u00e1gukr\u00f3l \u00e9s kop\u00e1s\u00e1ll\u00f3s\u00e1gukr\u00f3l, mint a profik.<\/span><\/p>\n<p><strong>Mi\u00e9rt v\u00e1lasszon minket?<\/strong><\/p>\n<p>Innov\u00e1torok: Folyamatosan \u00faj megk\u00f6zel\u00edt\u00e9seket keres\u00fcnk term\u00e9keink \u00e9s elj\u00e1r\u00e1saink fejleszt\u00e9s\u00e9re.<span id=\"input-sentence~3\"> A mi meg\u00e9lhet\u00e9s\u00fcnk az innov\u00e1ci\u00f3\u00e9rt van.<br \/>\nEls\u0151dleges szempontunk a kiv\u00e1l\u00f3 \u00e1ruk biztos\u00edt\u00e1sa. Minden \u00e1ltalunk k\u00e9sz\u00edtett term\u00e9k szigor\u00fa tesztel\u00e9sen megy kereszt\u00fcl, hogy biztos\u00edtsuk a krit\u00e9riumoknak val\u00f3 megfelel\u00e9s\u00e9t.<br \/>\n\u00dcgyf\u00e9lk\u00f6zpont\u00fas\u00e1g: Az \u00d6n ig\u00e9nyei az els\u0151dlegesek. \u00dcgyfeleinkkel szorosan egy\u00fcttm\u0171k\u00f6dve azonos\u00edtjuk ig\u00e9nyeiket, \u00e9s olyan megold\u00e1sokat k\u00edn\u00e1lunk, amelyek meghaladj\u00e1k a puszta k\u00f6vetelm\u00e9nyeket.<\/span><\/p>\n<p><span id=\"input-sentence~4\"><\/span><strong><span id=\"input-sentence~4\">N\u00e9zet\u00fcnk<\/span><\/strong><\/p>\n<p>Vezet\u0151 sz\u00e1ll\u00edt\u00f3ja a sic ker\u00e1mia megold\u00e1soknak, j\u00f3l ismert a kreativit\u00e1sr\u00f3l, a kiv\u00e1l\u00f3s\u00e1gr\u00f3l \u00e9s az \u00fcgyf\u00e9lk\u00f6zpont\u00fa megk\u00f6zel\u00edt\u00e9sr\u0151l.<\/p>\n<p><strong>Napirend\u00fcnk<\/strong><\/p>\n<p>\u00dcgyfeleink sz\u00e1m\u00e1ra olyan nagyteljes\u00edtm\u00e9ny\u0171 sic-eket biztos\u00edtani, amelyek lehet\u0151v\u00e9 teszik a munk\u00e1jukban val\u00f3 sikeress\u00e9get.<\/p>\n<p><strong>Kapcsolat<\/strong><\/p>\n<p>Szeretne tov\u00e1bbi inform\u00e1ci\u00f3t kapni k\u00edn\u00e1latunkr\u00f3l vagy arr\u00f3l, hogyan t\u00e1mogathatjuk k\u00f6zelg\u0151 nagyszab\u00e1s\u00fa kezdem\u00e9nyez\u00e9s\u00e9t? L\u00e9pjen kapcsolatba vel\u00fcnk k\u00e9sedelem n\u00e9lk\u00fcl! Mindig \u00e1llunk rendelkez\u00e9s\u00e9re, hogy besz\u00e9lgess\u00fcnk \u00e9s megvizsg\u00e1ljuk k\u00f6z\u00f6s lehet\u0151s\u00e9geinket.<\/p>","protected":false},"excerpt":{"rendered":"<p>Hey, Our company, Elite Silicon Carbide Ceramics Technology Co., LTD, is dedicated to create fantastic silicon carbide ceramic. Advancing the [&hellip;]<\/p>\n","protected":false},"author":1,"featured_media":0,"parent":0,"menu_order":0,"comment_status":"closed","ping_status":"closed","template":"","meta":{"site-sidebar-layout":"default","site-content-layout":"","ast-site-content-layout":"default","site-content-style":"default","site-sidebar-style":"default","ast-global-header-display":"","ast-banner-title-visibility":"","ast-main-header-display":"","ast-hfb-above-header-display":"","ast-hfb-below-header-display":"","ast-hfb-mobile-header-display":"","site-post-title":"","ast-breadcrumbs-content":"","ast-featured-img":"","footer-sml-layout":"","theme-transparent-header-meta":"default","adv-header-id-meta":"","stick-header-meta":"","header-above-stick-meta":"","header-main-stick-meta":"","header-below-stick-meta":"","astra-migrate-meta-layouts":"set","ast-page-background-enabled":"default","ast-page-background-meta":{"desktop":{"background-color":"var(--ast-global-color-4)","background-image":"","background-repeat":"repeat","background-position":"center center","background-size":"auto","background-attachment":"scroll","background-type":"","background-media":"","overlay-type":"","overlay-color":"","overlay-gradient":""},"tablet":{"background-color":"","background-image":"","background-repeat":"repeat","background-position":"center center","background-size":"auto","background-attachment":"scroll","background-type":"","background-media":"","overlay-type":"","overlay-color":"","overlay-gradient":""},"mobile":{"background-color":"","background-image":"","background-repeat":"repeat","background-position":"center center","background-size":"auto","background-attachment":"scroll","background-type":"","background-media":"","overlay-type":"","overlay-color":"","overlay-gradient":""}},"ast-content-background-meta":{"desktop":{"background-color":"var(--ast-global-color-5)","background-image":"","background-repeat":"repeat","background-position":"center center","background-size":"auto","background-attachment":"scroll","background-type":"","background-media":"","overlay-type":"","overlay-color":"","overlay-gradient":""},"tablet":{"background-color":"var(--ast-global-color-5)","background-image":"","background-repeat":"repeat","background-position":"center center","background-size":"auto","background-attachment":"scroll","background-type":"","background-media":"","overlay-type":"","overlay-color":"","overlay-gradient":""},"mobile":{"background-color":"var(--ast-global-color-5)","background-image":"","background-repeat":"repeat","background-position":"center center","background-size":"auto","background-attachment":"scroll","background-type":"","background-media":"","overlay-type":"","overlay-color":"","overlay-gradient":""}},"footnotes":""},"class_list":["post-227","page","type-page","status-publish","hentry"],"aioseo_notices":[],"_links":{"self":[{"href":"https:\/\/siliconcarbideceramic.net\/hu\/wp-json\/wp\/v2\/pages\/227","targetHints":{"allow":["GET"]}}],"collection":[{"href":"https:\/\/siliconcarbideceramic.net\/hu\/wp-json\/wp\/v2\/pages"}],"about":[{"href":"https:\/\/siliconcarbideceramic.net\/hu\/wp-json\/wp\/v2\/types\/page"}],"author":[{"embeddable":true,"href":"https:\/\/siliconcarbideceramic.net\/hu\/wp-json\/wp\/v2\/users\/1"}],"replies":[{"embeddable":true,"href":"https:\/\/siliconcarbideceramic.net\/hu\/wp-json\/wp\/v2\/comments?post=227"}],"version-history":[{"count":10,"href":"https:\/\/siliconcarbideceramic.net\/hu\/wp-json\/wp\/v2\/pages\/227\/revisions"}],"predecessor-version":[{"id":232,"href":"https:\/\/siliconcarbideceramic.net\/hu\/wp-json\/wp\/v2\/pages\/227\/revisions\/232"}],"wp:attachment":[{"href":"https:\/\/siliconcarbideceramic.net\/hu\/wp-json\/wp\/v2\/media?parent=227"}],"curies":[{"name":"wp","href":"https:\/\/api.w.org\/{rel}","templated":true}]}}