{"id":227,"date":"2024-07-13T13:17:17","date_gmt":"2024-07-13T05:17:17","guid":{"rendered":"http:\/\/siliconcarbideceramic.net\/?page_id=227"},"modified":"2024-07-13T19:52:47","modified_gmt":"2024-07-13T11:52:47","slug":"about","status":"publish","type":"page","link":"https:\/\/siliconcarbideceramic.net\/fi\/","title":{"rendered":"Tietoja"},"content":{"rendered":"<p><img loading=\"lazy\" decoding=\"async\" class=\"alignnone size-full wp-image-240\" src=\"http:\/\/siliconcarbideceramic.net\/wp-content\/uploads\/2024\/07\/silicon-carbide-ceramics.jpg\" alt=\"piikarbidikeramiikka\" width=\"800\" height=\"800\" srcset=\"https:\/\/siliconcarbideceramic.net\/wp-content\/uploads\/2024\/07\/silicon-carbide-ceramics.jpg 800w, https:\/\/siliconcarbideceramic.net\/wp-content\/uploads\/2024\/07\/silicon-carbide-ceramics-300x300.jpg 300w, https:\/\/siliconcarbideceramic.net\/wp-content\/uploads\/2024\/07\/silicon-carbide-ceramics-150x150.jpg 150w, https:\/\/siliconcarbideceramic.net\/wp-content\/uploads\/2024\/07\/silicon-carbide-ceramics-768x768.jpg 768w, https:\/\/siliconcarbideceramic.net\/wp-content\/uploads\/2024\/07\/silicon-carbide-ceramics-12x12.jpg 12w\" sizes=\"auto, (max-width: 800px) 100vw, 800px\" \/><\/p>\n<p><span id=\"input-sentence~0\">Hei, yhti\u00f6mme, <strong>Elite Silicon Carbide Ceramics Technology Co., LTD<\/strong>on omistautunut luomaan fantastisia piikarbidikeraamisia tuotteita. N\u00e4iden uskomattomien materiaalien mahdollisuuksien edist\u00e4minen innostaa meit\u00e4 paljon.<\/span><\/p>\n<p><strong>Luonteemme<\/strong><\/p>\n<p>Olemme vilkas tiimi insin\u00f6\u00f6rej\u00e4, keramiikan harrastajia ja ammattilaisia, jotka todella pit\u00e4v\u00e4t siit\u00e4, mit\u00e4 teemme.<span id=\"input-sentence~1\"> Olemme erikoistuneet tuottamaan ensiluokkaisia piikarbidikeraamisia tuotteita, jotka pystyv\u00e4t hoitamaan vaikeimmatkin ty\u00f6t nykyaikaisen teknologian avulla.<\/span><\/p>\n<p><strong>Ty\u00f6mme<\/strong><\/p>\n<p>Elite suunnittelee erilaisia piikarbidituotteita kaikenlaisiin teollisiin sovelluksiin.<span id=\"input-sentence~2\"> Tarvitset komponentteja monimutkaiseen elektroniikkaan, raskaisiin koneisiin tai korkean l\u00e4mp\u00f6tilan olosuhteisiin. Me huolehdimme sinusta. Keramiikkamme ovat tunnettuja erinomaisesta l\u00e4mm\u00f6njohtavuudestaan, kest\u00e4vyydest\u00e4\u00e4n ja kulutuskest\u00e4vyydest\u00e4\u00e4n, jotka muistuttavat ammattilaisia.<\/span><\/p>\n<p><strong>Miksi valita meid\u00e4t?<\/strong><\/p>\n<p>Innovaattorit: Etsimme jatkuvasti uusia l\u00e4hestymistapoja tavaroidemme ja menettelyjemme parantamiseksi.<span id=\"input-sentence~3\"> El\u00e4m\u00e4mme on innovointia.<br \/>\nEnsimm\u00e4inen huolenaiheemme on tarjota erinomaisia tavaroita. Jokainen luomamme tuote testataan tiukasti sen varmistamiseksi, ett\u00e4 se t\u00e4ytt\u00e4\u00e4 kriteerit.<br \/>\nAsiakaskeskeisyys: Ensimm\u00e4inen huolenaiheemme ovat sinun tarpeesi. Teemme tiivist\u00e4 yhteisty\u00f6t\u00e4 asiakkaidemme kanssa, jotta voimme tunnistaa heid\u00e4n tarpeensa ja tarjota ratkaisuja, jotka ylitt\u00e4v\u00e4t pelk\u00e4t vaatimukset.<\/span><\/p>\n<p><span id=\"input-sentence~4\"><\/span><strong><span id=\"input-sentence~4\">N\u00e4kemyksemme<\/span><\/strong><\/p>\n<p>Johtava sic-keramiikkaratkaisujen toimittaja, joka tunnetaan luovuudestaan, erinomaisuudestaan ja asiakasl\u00e4ht\u00f6isyydest\u00e4\u00e4n.<\/p>\n<p><strong>Asialista<\/strong><\/p>\n<p>Tarjoamme asiakkaillemme suorituskykyist\u00e4 sic-j\u00e4rjestelm\u00e4\u00e4, joka mahdollistaa heid\u00e4n menestyksens\u00e4 ty\u00f6el\u00e4m\u00e4ss\u00e4.<\/p>\n<p><strong>Ota yhteytt\u00e4<\/strong><\/p>\n<p>Haluaisitko lis\u00e4tietoa tarjouksistamme tai siit\u00e4, miten voimme tukea tulevaa suurta aloitettasi? Ota yhteytt\u00e4 viipym\u00e4tt\u00e4! Olemme aina k\u00e4ytett\u00e4viss\u00e4 keskustelemaan ja tutkimaan yhteisi\u00e4 mahdollisuuksiamme.<\/p>","protected":false},"excerpt":{"rendered":"<p>Hey, Our company, Elite Silicon Carbide Ceramics Technology Co., LTD, is dedicated to create fantastic silicon carbide ceramic. Advancing the [&hellip;]<\/p>\n","protected":false},"author":1,"featured_media":0,"parent":0,"menu_order":0,"comment_status":"closed","ping_status":"closed","template":"","meta":{"site-sidebar-layout":"default","site-content-layout":"","ast-site-content-layout":"default","site-content-style":"default","site-sidebar-style":"default","ast-global-header-display":"","ast-banner-title-visibility":"","ast-main-header-display":"","ast-hfb-above-header-display":"","ast-hfb-below-header-display":"","ast-hfb-mobile-header-display":"","site-post-title":"","ast-breadcrumbs-content":"","ast-featured-img":"","footer-sml-layout":"","theme-transparent-header-meta":"default","adv-header-id-meta":"","stick-header-meta":"","header-above-stick-meta":"","header-main-stick-meta":"","header-below-stick-meta":"","astra-migrate-meta-layouts":"set","ast-page-background-enabled":"default","ast-page-background-meta":{"desktop":{"background-color":"var(--ast-global-color-4)","background-image":"","background-repeat":"repeat","background-position":"center center","background-size":"auto","background-attachment":"scroll","background-type":"","background-media":"","overlay-type":"","overlay-color":"","overlay-gradient":""},"tablet":{"background-color":"","background-image":"","background-repeat":"repeat","background-position":"center center","background-size":"auto","background-attachment":"scroll","background-type":"","background-media":"","overlay-type":"","overlay-color":"","overlay-gradient":""},"mobile":{"background-color":"","background-image":"","background-repeat":"repeat","background-position":"center center","background-size":"auto","background-attachment":"scroll","background-type":"","background-media":"","overlay-type":"","overlay-color":"","overlay-gradient":""}},"ast-content-background-meta":{"desktop":{"background-color":"var(--ast-global-color-5)","background-image":"","background-repeat":"repeat","background-position":"center center","background-size":"auto","background-attachment":"scroll","background-type":"","background-media":"","overlay-type":"","overlay-color":"","overlay-gradient":""},"tablet":{"background-color":"var(--ast-global-color-5)","background-image":"","background-repeat":"repeat","background-position":"center center","background-size":"auto","background-attachment":"scroll","background-type":"","background-media":"","overlay-type":"","overlay-color":"","overlay-gradient":""},"mobile":{"background-color":"var(--ast-global-color-5)","background-image":"","background-repeat":"repeat","background-position":"center center","background-size":"auto","background-attachment":"scroll","background-type":"","background-media":"","overlay-type":"","overlay-color":"","overlay-gradient":""}},"footnotes":""},"class_list":["post-227","page","type-page","status-publish","hentry"],"aioseo_notices":[],"_links":{"self":[{"href":"https:\/\/siliconcarbideceramic.net\/fi\/wp-json\/wp\/v2\/pages\/227","targetHints":{"allow":["GET"]}}],"collection":[{"href":"https:\/\/siliconcarbideceramic.net\/fi\/wp-json\/wp\/v2\/pages"}],"about":[{"href":"https:\/\/siliconcarbideceramic.net\/fi\/wp-json\/wp\/v2\/types\/page"}],"author":[{"embeddable":true,"href":"https:\/\/siliconcarbideceramic.net\/fi\/wp-json\/wp\/v2\/users\/1"}],"replies":[{"embeddable":true,"href":"https:\/\/siliconcarbideceramic.net\/fi\/wp-json\/wp\/v2\/comments?post=227"}],"version-history":[{"count":10,"href":"https:\/\/siliconcarbideceramic.net\/fi\/wp-json\/wp\/v2\/pages\/227\/revisions"}],"predecessor-version":[{"id":232,"href":"https:\/\/siliconcarbideceramic.net\/fi\/wp-json\/wp\/v2\/pages\/227\/revisions\/232"}],"wp:attachment":[{"href":"https:\/\/siliconcarbideceramic.net\/fi\/wp-json\/wp\/v2\/media?parent=227"}],"curies":[{"name":"wp","href":"https:\/\/api.w.org\/{rel}","templated":true}]}}