{"id":227,"date":"2024-07-13T13:17:17","date_gmt":"2024-07-13T05:17:17","guid":{"rendered":"http:\/\/siliconcarbideceramic.net\/?page_id=227"},"modified":"2024-07-13T19:52:47","modified_gmt":"2024-07-13T11:52:47","slug":"about","status":"publish","type":"page","link":"https:\/\/siliconcarbideceramic.net\/es\/","title":{"rendered":"acerca de"},"content":{"rendered":"<p><img loading=\"lazy\" decoding=\"async\" class=\"alignnone size-full wp-image-240\" src=\"http:\/\/siliconcarbideceramic.net\/wp-content\/uploads\/2024\/07\/silicon-carbide-ceramics.jpg\" alt=\"cer\u00e1mica de carburo de silicio\" width=\"800\" height=\"800\" srcset=\"https:\/\/siliconcarbideceramic.net\/wp-content\/uploads\/2024\/07\/silicon-carbide-ceramics.jpg 800w, https:\/\/siliconcarbideceramic.net\/wp-content\/uploads\/2024\/07\/silicon-carbide-ceramics-300x300.jpg 300w, https:\/\/siliconcarbideceramic.net\/wp-content\/uploads\/2024\/07\/silicon-carbide-ceramics-150x150.jpg 150w, https:\/\/siliconcarbideceramic.net\/wp-content\/uploads\/2024\/07\/silicon-carbide-ceramics-768x768.jpg 768w, https:\/\/siliconcarbideceramic.net\/wp-content\/uploads\/2024\/07\/silicon-carbide-ceramics-12x12.jpg 12w\" sizes=\"auto, (max-width: 800px) 100vw, 800px\" \/><\/p>\n<p><span id=\"input-sentence~0\">Hola, nuestra empresa, <strong>Tecnolog\u00eda cer\u00e1mica de carburo de silicio Elite Co., LTD<\/strong>se dedica a crear fant\u00e1sticas cer\u00e1micas de carburo de silicio. Avanzar en las posibilidades de estos incre\u00edbles materiales nos entusiasma mucho.<\/span><\/p>\n<p><strong>Nuestro car\u00e1cter<\/strong><\/p>\n<p>Somos un animado equipo de ingenieros, aficionados a la cer\u00e1mica y profesionales a los que realmente nos gusta lo que hacemos.<span id=\"input-sentence~1\"> Nos especializamos en la producci\u00f3n de art\u00edculos cer\u00e1micos de carburo de silicio de primera calidad, capaces de realizar incluso los trabajos m\u00e1s duros mediante el uso de tecnolog\u00edas modernas.<\/span><\/p>\n<p><strong>Nuestro trabajo<\/strong><\/p>\n<p>En Elite, dise\u00f1amos una gran variedad de productos de carburo de silicio para todo tipo de aplicaciones industriales.<span id=\"input-sentence~2\"> Necesita componentes para electr\u00f3nica compleja, maquinaria pesada o condiciones de alta temperatura. Nosotros nos ocupamos de usted. Nuestras cer\u00e1micas son conocidas por su gran conductividad t\u00e9rmica, robustez y resistencia al desgaste, como las profesionales.<\/span><\/p>\n<p><strong>\u00bfPor qu\u00e9 elegirnos?<\/strong><\/p>\n<p>Innovadores: Amantes de las ideas Buscamos constantemente nuevos enfoques para mejorar nuestros productos y procedimientos.<span id=\"input-sentence~3\"> Vivimos para innovar.<br \/>\nNuestra primera preocupaci\u00f3n es ofrecer productos excelentes. Cada art\u00edculo que creamos se somete a rigurosas pruebas para garantizar que cumple los criterios.<br \/>\nCentrados en el cliente: Nuestra primera preocupaci\u00f3n son sus necesidades. Trabajando en estrecha colaboraci\u00f3n con nuestros clientes, podemos identificar sus necesidades y ofrecer soluciones que superen los meros requisitos.<\/span><\/p>\n<p><span id=\"input-sentence~4\"><\/span><strong><span id=\"input-sentence~4\">Nuestro punto de vista<\/span><\/strong><\/p>\n<p>Proveedor l\u00edder de soluciones cer\u00e1micas sic, conocido por su creatividad, excelencia y enfoque centrado en el cliente.<\/p>\n<p><strong>Nuestra agenda<\/strong><\/p>\n<p>Proporcionar a nuestros clientes sistemas de alto rendimiento que les permitan triunfar en sus \u00e1mbitos de trabajo.<\/p>\n<p><strong>P\u00f3ngase en contacto con<\/strong><\/p>\n<p>\u00bfDesea m\u00e1s informaci\u00f3n sobre nuestras ofertas o sobre c\u00f3mo podemos ayudarle en su pr\u00f3xima gran iniciativa? P\u00f3ngase en contacto con nosotros lo antes posible. Estamos siempre disponibles para hablar e investigar nuestras posibilidades conjuntas.<\/p>","protected":false},"excerpt":{"rendered":"<p>Hey, Our company, Elite Silicon Carbide Ceramics Technology Co., LTD, is dedicated to create fantastic silicon carbide ceramic. Advancing the [&hellip;]<\/p>\n","protected":false},"author":1,"featured_media":0,"parent":0,"menu_order":0,"comment_status":"closed","ping_status":"closed","template":"","meta":{"site-sidebar-layout":"default","site-content-layout":"","ast-site-content-layout":"default","site-content-style":"default","site-sidebar-style":"default","ast-global-header-display":"","ast-banner-title-visibility":"","ast-main-header-display":"","ast-hfb-above-header-display":"","ast-hfb-below-header-display":"","ast-hfb-mobile-header-display":"","site-post-title":"","ast-breadcrumbs-content":"","ast-featured-img":"","footer-sml-layout":"","theme-transparent-header-meta":"default","adv-header-id-meta":"","stick-header-meta":"","header-above-stick-meta":"","header-main-stick-meta":"","header-below-stick-meta":"","astra-migrate-meta-layouts":"set","ast-page-background-enabled":"default","ast-page-background-meta":{"desktop":{"background-color":"var(--ast-global-color-4)","background-image":"","background-repeat":"repeat","background-position":"center center","background-size":"auto","background-attachment":"scroll","background-type":"","background-media":"","overlay-type":"","overlay-color":"","overlay-gradient":""},"tablet":{"background-color":"","background-image":"","background-repeat":"repeat","background-position":"center center","background-size":"auto","background-attachment":"scroll","background-type":"","background-media":"","overlay-type":"","overlay-color":"","overlay-gradient":""},"mobile":{"background-color":"","background-image":"","background-repeat":"repeat","background-position":"center center","background-size":"auto","background-attachment":"scroll","background-type":"","background-media":"","overlay-type":"","overlay-color":"","overlay-gradient":""}},"ast-content-background-meta":{"desktop":{"background-color":"var(--ast-global-color-5)","background-image":"","background-repeat":"repeat","background-position":"center center","background-size":"auto","background-attachment":"scroll","background-type":"","background-media":"","overlay-type":"","overlay-color":"","overlay-gradient":""},"tablet":{"background-color":"var(--ast-global-color-5)","background-image":"","background-repeat":"repeat","background-position":"center center","background-size":"auto","background-attachment":"scroll","background-type":"","background-media":"","overlay-type":"","overlay-color":"","overlay-gradient":""},"mobile":{"background-color":"var(--ast-global-color-5)","background-image":"","background-repeat":"repeat","background-position":"center center","background-size":"auto","background-attachment":"scroll","background-type":"","background-media":"","overlay-type":"","overlay-color":"","overlay-gradient":""}},"footnotes":""},"class_list":["post-227","page","type-page","status-publish","hentry"],"aioseo_notices":[],"_links":{"self":[{"href":"https:\/\/siliconcarbideceramic.net\/es\/wp-json\/wp\/v2\/pages\/227","targetHints":{"allow":["GET"]}}],"collection":[{"href":"https:\/\/siliconcarbideceramic.net\/es\/wp-json\/wp\/v2\/pages"}],"about":[{"href":"https:\/\/siliconcarbideceramic.net\/es\/wp-json\/wp\/v2\/types\/page"}],"author":[{"embeddable":true,"href":"https:\/\/siliconcarbideceramic.net\/es\/wp-json\/wp\/v2\/users\/1"}],"replies":[{"embeddable":true,"href":"https:\/\/siliconcarbideceramic.net\/es\/wp-json\/wp\/v2\/comments?post=227"}],"version-history":[{"count":10,"href":"https:\/\/siliconcarbideceramic.net\/es\/wp-json\/wp\/v2\/pages\/227\/revisions"}],"predecessor-version":[{"id":232,"href":"https:\/\/siliconcarbideceramic.net\/es\/wp-json\/wp\/v2\/pages\/227\/revisions\/232"}],"wp:attachment":[{"href":"https:\/\/siliconcarbideceramic.net\/es\/wp-json\/wp\/v2\/media?parent=227"}],"curies":[{"name":"wp","href":"https:\/\/api.w.org\/{rel}","templated":true}]}}